{"id":605,"date":"2016-10-10T06:14:00","date_gmt":"2016-10-10T06:14:00","guid":{"rendered":"http:\/\/kruesecke.de\/?page_id=605"},"modified":"2017-09-10T20:24:14","modified_gmt":"2017-09-10T20:24:14","slug":"herakles-magazin-fuer-kinder-und-familien-im-alten-museum","status":"publish","type":"page","link":"http:\/\/kruesecke.de\/?page_id=605","title":{"rendered":"Herakles- Magazin f\u00fcr Kinder und Familien im Alten Museum, Staatliche Museen Berlin"},"content":{"rendered":"<figure id=\"attachment_378\" aria-describedby=\"caption-attachment-378\" style=\"width: 949px\" class=\"wp-caption aligncenter\"><img decoding=\"async\" loading=\"lazy\" class=\"wp-image-378 size-full\" src=\"http:\/\/kruesecke.de\/wp-content\/uploads\/2016\/01\/csm_J_v.s._SMB_Herakles_0113_jpg_md_217aef3a06.jpg\" alt=\"\u00a9 Staatliche Museen zu Berlin, Altes Museum \/ Valerie Schmidt, 2016\" width=\"949\" height=\"464\" srcset=\"http:\/\/kruesecke.de\/wp-content\/uploads\/2016\/01\/csm_J_v.s._SMB_Herakles_0113_jpg_md_217aef3a06.jpg 949w, http:\/\/kruesecke.de\/wp-content\/uploads\/2016\/01\/csm_J_v.s._SMB_Herakles_0113_jpg_md_217aef3a06-300x147.jpg 300w, http:\/\/kruesecke.de\/wp-content\/uploads\/2016\/01\/csm_J_v.s._SMB_Herakles_0113_jpg_md_217aef3a06-768x376.jpg 768w\" sizes=\"(max-width: 709px) 85vw, (max-width: 909px) 67vw, (max-width: 1362px) 62vw, 840px\" \/><figcaption id=\"caption-attachment-378\" class=\"wp-caption-text\">\u00a9 Staatliche Museen zu Berlin, Altes Museum \/ Valerie Schmidt, 2016<\/figcaption><\/figure>\n<figure id=\"attachment_944\" aria-describedby=\"caption-attachment-944\" style=\"width: 1389px\" class=\"wp-caption aligncenter\"><img decoding=\"async\" loading=\"lazy\" class=\"wp-image-944 size-full\" src=\"http:\/\/kruesecke.de\/wp-content\/uploads\/2016\/10\/inkenkruesecke_Altes-Museum_ValerieSchmidt.jpg\" alt=\"\" width=\"1389\" height=\"1024\" srcset=\"http:\/\/kruesecke.de\/wp-content\/uploads\/2016\/10\/inkenkruesecke_Altes-Museum_ValerieSchmidt.jpg 1389w, http:\/\/kruesecke.de\/wp-content\/uploads\/2016\/10\/inkenkruesecke_Altes-Museum_ValerieSchmidt-300x221.jpg 300w, http:\/\/kruesecke.de\/wp-content\/uploads\/2016\/10\/inkenkruesecke_Altes-Museum_ValerieSchmidt-768x566.jpg 768w, http:\/\/kruesecke.de\/wp-content\/uploads\/2016\/10\/inkenkruesecke_Altes-Museum_ValerieSchmidt-1024x755.jpg 1024w, http:\/\/kruesecke.de\/wp-content\/uploads\/2016\/10\/inkenkruesecke_Altes-Museum_ValerieSchmidt-1200x885.jpg 1200w\" sizes=\"(max-width: 709px) 85vw, (max-width: 909px) 67vw, (max-width: 1362px) 62vw, 840px\" \/><figcaption id=\"caption-attachment-944\" class=\"wp-caption-text\">\u00a9 Staatliche Museen zu Berlin, Altes Museum \/ Valerie Schmidt, 2016<\/figcaption><\/figure>\n<p>\nDie Staatlichen Museen zu Berlin laden Kinder und Familien ein, mit einem neuen kostenfreien Angebot das Alte Museum auf der Museumsinsel Berlin gemeinsam zu erkunden: Ab sofort erhalten Kinder ab 6 Jahren und ihre erwachsenen Begleitungen das HERAKLES-Magazin an der Kasse des Alten Museums.\n<\/p>\n<p>\nHERAKLES f\u00fchrt in sieben Stationen durch die Ausstellungsr\u00e4ume der Antikensammlung. Das Angebot im Zeitungsformat besteht aus einzelnen B\u00f6gen, die sich jeweils einem Thema aus der antiken Welt der Griechen, R\u00f6mer und Etrusker widmen. Diese bieten neben kurzen, informativen Texten viel Platz f\u00fcr spielerisches Entdecken und eigene Kreativit\u00e4t. An den verschiedenen Stationen wird das Magazin mal zum Sockel f\u00fcr Heldenposen, mal zur antiken Theatermaske, mal zum Zeichenpapier f\u00fcr Fabelwesen. In einer \u201eG\u00f6tter-Olympiade\u201c wird die Rotunde des Alten Museums zum Spielfeld. Ein klares Farbkonzept und ein \u00dcbersichtsplan unterst\u00fctzen bei der eigenst\u00e4ndigen Orientierung im Museum. Die Zeichnungen der Illustratorin Inken Kruesecke greifen Details und Motive des Alten Museums auf und laden zum Wiederentdecken und Weiterzeichnen ein. Zentral f\u00fcr alle sieben Stationen sind Interaktion und gemeinsamer Austausch. Um mit HERAKLES das Alte Museum zu erkunden, muss man daher mindestens zu zweit sein.\n<\/p>\n<p>\nEntwickelt wurde HERAKLES \u2013 Magazin f\u00fcr Kinder und Familien im Alten Museum vom Referat Bildung, Vermittlung, Besucherdienste der Staatlichen Museen zu Berlin in Zusammenarbeit mit der Grafikerin Lena Roob, Studio S\/M\/L. Es wurde gef\u00f6rdert durch die Freunde der Antike auf der Museumsinsel Berlin e.V.\n<\/p>\n<p>\nLink: <a href=\"http:\/\/blog.smb.museum\/heldenposen-monster-mix-und-goetterolympiade-mit-herakles-durchs-alte-museum\">Heldenposen, Monster-Mix und G\u00f6tterolympiade: Mit Herakles durchs Alte Museum<\/a>\n<\/p>\n<p><img decoding=\"async\" loading=\"lazy\" class=\"alignnone wp-image-966 size-full\" src=\"http:\/\/kruesecke.de\/wp-content\/uploads\/2016\/10\/AM_Zeitung_DRUCK_Ansicht-1_inkenkruesecke.jpg\" alt=\"\" width=\"1200\" height=\"902\" srcset=\"http:\/\/kruesecke.de\/wp-content\/uploads\/2016\/10\/AM_Zeitung_DRUCK_Ansicht-1_inkenkruesecke.jpg 1200w, http:\/\/kruesecke.de\/wp-content\/uploads\/2016\/10\/AM_Zeitung_DRUCK_Ansicht-1_inkenkruesecke-300x226.jpg 300w, http:\/\/kruesecke.de\/wp-content\/uploads\/2016\/10\/AM_Zeitung_DRUCK_Ansicht-1_inkenkruesecke-768x577.jpg 768w, http:\/\/kruesecke.de\/wp-content\/uploads\/2016\/10\/AM_Zeitung_DRUCK_Ansicht-1_inkenkruesecke-1024x770.jpg 1024w\" sizes=\"(max-width: 709px) 85vw, (max-width: 909px) 67vw, (max-width: 1362px) 62vw, 840px\" \/> <img decoding=\"async\" loading=\"lazy\" class=\"alignnone wp-image-967 size-full\" src=\"http:\/\/kruesecke.de\/wp-content\/uploads\/2016\/10\/AM_Zeitung_DRUCK_Ansicht-2_inkenkruesecke.jpg\" alt=\"\" width=\"1200\" height=\"902\" srcset=\"http:\/\/kruesecke.de\/wp-content\/uploads\/2016\/10\/AM_Zeitung_DRUCK_Ansicht-2_inkenkruesecke.jpg 1200w, http:\/\/kruesecke.de\/wp-content\/uploads\/2016\/10\/AM_Zeitung_DRUCK_Ansicht-2_inkenkruesecke-300x226.jpg 300w, http:\/\/kruesecke.de\/wp-content\/uploads\/2016\/10\/AM_Zeitung_DRUCK_Ansicht-2_inkenkruesecke-768x577.jpg 768w, http:\/\/kruesecke.de\/wp-content\/uploads\/2016\/10\/AM_Zeitung_DRUCK_Ansicht-2_inkenkruesecke-1024x770.jpg 1024w\" sizes=\"(max-width: 709px) 85vw, (max-width: 909px) 67vw, (max-width: 1362px) 62vw, 840px\" \/> <img decoding=\"async\" loading=\"lazy\" class=\"alignnone wp-image-968 size-full\" src=\"http:\/\/kruesecke.de\/wp-content\/uploads\/2016\/10\/AM_Zeitung_DRUCK_Ansicht-3_inkenkruesecke.jpg\" alt=\"\" width=\"1200\" height=\"902\" srcset=\"http:\/\/kruesecke.de\/wp-content\/uploads\/2016\/10\/AM_Zeitung_DRUCK_Ansicht-3_inkenkruesecke.jpg 1200w, http:\/\/kruesecke.de\/wp-content\/uploads\/2016\/10\/AM_Zeitung_DRUCK_Ansicht-3_inkenkruesecke-300x226.jpg 300w, http:\/\/kruesecke.de\/wp-content\/uploads\/2016\/10\/AM_Zeitung_DRUCK_Ansicht-3_inkenkruesecke-768x577.jpg 768w, http:\/\/kruesecke.de\/wp-content\/uploads\/2016\/10\/AM_Zeitung_DRUCK_Ansicht-3_inkenkruesecke-1024x770.jpg 1024w\" sizes=\"(max-width: 709px) 85vw, (max-width: 909px) 67vw, (max-width: 1362px) 62vw, 840px\" \/> <img decoding=\"async\" loading=\"lazy\" class=\"alignnone wp-image-970 size-full\" src=\"http:\/\/kruesecke.de\/wp-content\/uploads\/2016\/10\/AM_Zeitung_DRUCK_Ansicht-5_inkenkruesecke.jpg\" alt=\"\" width=\"1200\" height=\"902\" srcset=\"http:\/\/kruesecke.de\/wp-content\/uploads\/2016\/10\/AM_Zeitung_DRUCK_Ansicht-5_inkenkruesecke.jpg 1200w, http:\/\/kruesecke.de\/wp-content\/uploads\/2016\/10\/AM_Zeitung_DRUCK_Ansicht-5_inkenkruesecke-300x226.jpg 300w, http:\/\/kruesecke.de\/wp-content\/uploads\/2016\/10\/AM_Zeitung_DRUCK_Ansicht-5_inkenkruesecke-768x577.jpg 768w, http:\/\/kruesecke.de\/wp-content\/uploads\/2016\/10\/AM_Zeitung_DRUCK_Ansicht-5_inkenkruesecke-1024x770.jpg 1024w\" sizes=\"(max-width: 709px) 85vw, (max-width: 909px) 67vw, (max-width: 1362px) 62vw, 840px\" \/> <img decoding=\"async\" loading=\"lazy\" class=\"alignnone wp-image-972 size-full\" src=\"http:\/\/kruesecke.de\/wp-content\/uploads\/2016\/10\/AM_Zeitung_DRUCK_Ansicht-7_inkenkruesecke.jpg\" alt=\"\" width=\"1200\" height=\"902\" srcset=\"http:\/\/kruesecke.de\/wp-content\/uploads\/2016\/10\/AM_Zeitung_DRUCK_Ansicht-7_inkenkruesecke.jpg 1200w, http:\/\/kruesecke.de\/wp-content\/uploads\/2016\/10\/AM_Zeitung_DRUCK_Ansicht-7_inkenkruesecke-300x226.jpg 300w, http:\/\/kruesecke.de\/wp-content\/uploads\/2016\/10\/AM_Zeitung_DRUCK_Ansicht-7_inkenkruesecke-768x577.jpg 768w, http:\/\/kruesecke.de\/wp-content\/uploads\/2016\/10\/AM_Zeitung_DRUCK_Ansicht-7_inkenkruesecke-1024x770.jpg 1024w\" sizes=\"(max-width: 709px) 85vw, (max-width: 909px) 67vw, (max-width: 1362px) 62vw, 840px\" \/> <img decoding=\"async\" loading=\"lazy\" class=\"alignnone wp-image-973 size-full\" src=\"http:\/\/kruesecke.de\/wp-content\/uploads\/2016\/10\/AM_Zeitung_DRUCK_Ansicht-8_inkenkruesecke.jpg\" alt=\"\" width=\"1200\" height=\"902\" srcset=\"http:\/\/kruesecke.de\/wp-content\/uploads\/2016\/10\/AM_Zeitung_DRUCK_Ansicht-8_inkenkruesecke.jpg 1200w, http:\/\/kruesecke.de\/wp-content\/uploads\/2016\/10\/AM_Zeitung_DRUCK_Ansicht-8_inkenkruesecke-300x226.jpg 300w, http:\/\/kruesecke.de\/wp-content\/uploads\/2016\/10\/AM_Zeitung_DRUCK_Ansicht-8_inkenkruesecke-768x577.jpg 768w, http:\/\/kruesecke.de\/wp-content\/uploads\/2016\/10\/AM_Zeitung_DRUCK_Ansicht-8_inkenkruesecke-1024x770.jpg 1024w\" sizes=\"(max-width: 709px) 85vw, (max-width: 909px) 67vw, (max-width: 1362px) 62vw, 840px\" \/> <img decoding=\"async\" loading=\"lazy\" class=\"alignnone wp-image-974 size-full\" src=\"http:\/\/kruesecke.de\/wp-content\/uploads\/2016\/10\/AM_Zeitung_DRUCK_Ansicht-9_inkenkruesecke.jpg\" alt=\"\" width=\"1200\" height=\"902\" srcset=\"http:\/\/kruesecke.de\/wp-content\/uploads\/2016\/10\/AM_Zeitung_DRUCK_Ansicht-9_inkenkruesecke.jpg 1200w, http:\/\/kruesecke.de\/wp-content\/uploads\/2016\/10\/AM_Zeitung_DRUCK_Ansicht-9_inkenkruesecke-300x226.jpg 300w, http:\/\/kruesecke.de\/wp-content\/uploads\/2016\/10\/AM_Zeitung_DRUCK_Ansicht-9_inkenkruesecke-768x577.jpg 768w, http:\/\/kruesecke.de\/wp-content\/uploads\/2016\/10\/AM_Zeitung_DRUCK_Ansicht-9_inkenkruesecke-1024x770.jpg 1024w\" sizes=\"(max-width: 709px) 85vw, (max-width: 909px) 67vw, (max-width: 1362px) 62vw, 840px\" \/> <img decoding=\"async\" loading=\"lazy\" class=\"alignnone wp-image-975 size-full\" src=\"http:\/\/kruesecke.de\/wp-content\/uploads\/2016\/10\/AM_Zeitung_DRUCK_Ansicht-10_inkenkruesecke.jpg\" alt=\"\" width=\"1200\" height=\"902\" srcset=\"http:\/\/kruesecke.de\/wp-content\/uploads\/2016\/10\/AM_Zeitung_DRUCK_Ansicht-10_inkenkruesecke.jpg 1200w, http:\/\/kruesecke.de\/wp-content\/uploads\/2016\/10\/AM_Zeitung_DRUCK_Ansicht-10_inkenkruesecke-300x226.jpg 300w, http:\/\/kruesecke.de\/wp-content\/uploads\/2016\/10\/AM_Zeitung_DRUCK_Ansicht-10_inkenkruesecke-768x577.jpg 768w, http:\/\/kruesecke.de\/wp-content\/uploads\/2016\/10\/AM_Zeitung_DRUCK_Ansicht-10_inkenkruesecke-1024x770.jpg 1024w\" sizes=\"(max-width: 709px) 85vw, (max-width: 909px) 67vw, (max-width: 1362px) 62vw, 840px\" \/> <img decoding=\"async\" loading=\"lazy\" class=\"alignnone wp-image-976 size-full\" src=\"http:\/\/kruesecke.de\/wp-content\/uploads\/2016\/10\/AM_Zeitung_DRUCK_Ansicht-11_inkenkruesecke.jpg\" alt=\"\" width=\"1200\" height=\"902\" srcset=\"http:\/\/kruesecke.de\/wp-content\/uploads\/2016\/10\/AM_Zeitung_DRUCK_Ansicht-11_inkenkruesecke.jpg 1200w, http:\/\/kruesecke.de\/wp-content\/uploads\/2016\/10\/AM_Zeitung_DRUCK_Ansicht-11_inkenkruesecke-300x226.jpg 300w, http:\/\/kruesecke.de\/wp-content\/uploads\/2016\/10\/AM_Zeitung_DRUCK_Ansicht-11_inkenkruesecke-768x577.jpg 768w, http:\/\/kruesecke.de\/wp-content\/uploads\/2016\/10\/AM_Zeitung_DRUCK_Ansicht-11_inkenkruesecke-1024x770.jpg 1024w\" sizes=\"(max-width: 709px) 85vw, (max-width: 909px) 67vw, (max-width: 1362px) 62vw, 840px\" \/> <img decoding=\"async\" loading=\"lazy\" class=\"alignnone wp-image-977 size-full\" src=\"http:\/\/kruesecke.de\/wp-content\/uploads\/2016\/10\/AM_Zeitung_DRUCK_Ansicht-12_inkenkruesecke.jpg\" alt=\"\" width=\"1200\" height=\"902\" srcset=\"http:\/\/kruesecke.de\/wp-content\/uploads\/2016\/10\/AM_Zeitung_DRUCK_Ansicht-12_inkenkruesecke.jpg 1200w, http:\/\/kruesecke.de\/wp-content\/uploads\/2016\/10\/AM_Zeitung_DRUCK_Ansicht-12_inkenkruesecke-300x226.jpg 300w, http:\/\/kruesecke.de\/wp-content\/uploads\/2016\/10\/AM_Zeitung_DRUCK_Ansicht-12_inkenkruesecke-768x577.jpg 768w, http:\/\/kruesecke.de\/wp-content\/uploads\/2016\/10\/AM_Zeitung_DRUCK_Ansicht-12_inkenkruesecke-1024x770.jpg 1024w\" sizes=\"(max-width: 709px) 85vw, (max-width: 909px) 67vw, (max-width: 1362px) 62vw, 840px\" \/> <img decoding=\"async\" loading=\"lazy\" class=\"alignnone wp-image-978 size-full\" src=\"http:\/\/kruesecke.de\/wp-content\/uploads\/2016\/10\/AM_Zeitung_DRUCK_Ansicht-13_inkenkruesecke.jpg\" alt=\"\" width=\"1200\" height=\"902\" srcset=\"http:\/\/kruesecke.de\/wp-content\/uploads\/2016\/10\/AM_Zeitung_DRUCK_Ansicht-13_inkenkruesecke.jpg 1200w, http:\/\/kruesecke.de\/wp-content\/uploads\/2016\/10\/AM_Zeitung_DRUCK_Ansicht-13_inkenkruesecke-300x226.jpg 300w, http:\/\/kruesecke.de\/wp-content\/uploads\/2016\/10\/AM_Zeitung_DRUCK_Ansicht-13_inkenkruesecke-768x577.jpg 768w, http:\/\/kruesecke.de\/wp-content\/uploads\/2016\/10\/AM_Zeitung_DRUCK_Ansicht-13_inkenkruesecke-1024x770.jpg 1024w\" sizes=\"(max-width: 709px) 85vw, (max-width: 909px) 67vw, (max-width: 1362px) 62vw, 840px\" \/> <img decoding=\"async\" loading=\"lazy\" class=\"alignnone wp-image-980 size-full\" src=\"http:\/\/kruesecke.de\/wp-content\/uploads\/2016\/10\/AM_Zeitung_DRUCK_Ansicht-15_inkenkruesecke.jpg\" alt=\"\" width=\"1200\" height=\"902\" srcset=\"http:\/\/kruesecke.de\/wp-content\/uploads\/2016\/10\/AM_Zeitung_DRUCK_Ansicht-15_inkenkruesecke.jpg 1200w, http:\/\/kruesecke.de\/wp-content\/uploads\/2016\/10\/AM_Zeitung_DRUCK_Ansicht-15_inkenkruesecke-300x226.jpg 300w, http:\/\/kruesecke.de\/wp-content\/uploads\/2016\/10\/AM_Zeitung_DRUCK_Ansicht-15_inkenkruesecke-768x577.jpg 768w, http:\/\/kruesecke.de\/wp-content\/uploads\/2016\/10\/AM_Zeitung_DRUCK_Ansicht-15_inkenkruesecke-1024x770.jpg 1024w\" sizes=\"(max-width: 709px) 85vw, (max-width: 909px) 67vw, (max-width: 1362px) 62vw, 840px\" \/> <img decoding=\"async\" loading=\"lazy\" class=\"alignnone wp-image-981 size-full\" src=\"http:\/\/kruesecke.de\/wp-content\/uploads\/2016\/10\/AM_Zeitung_DRUCK_Ansicht-16_inkenkruesecke.jpg\" alt=\"\" width=\"1200\" height=\"902\" srcset=\"http:\/\/kruesecke.de\/wp-content\/uploads\/2016\/10\/AM_Zeitung_DRUCK_Ansicht-16_inkenkruesecke.jpg 1200w, http:\/\/kruesecke.de\/wp-content\/uploads\/2016\/10\/AM_Zeitung_DRUCK_Ansicht-16_inkenkruesecke-300x226.jpg 300w, http:\/\/kruesecke.de\/wp-content\/uploads\/2016\/10\/AM_Zeitung_DRUCK_Ansicht-16_inkenkruesecke-768x577.jpg 768w, http:\/\/kruesecke.de\/wp-content\/uploads\/2016\/10\/AM_Zeitung_DRUCK_Ansicht-16_inkenkruesecke-1024x770.jpg 1024w\" sizes=\"(max-width: 709px) 85vw, (max-width: 909px) 67vw, (max-width: 1362px) 62vw, 840px\" \/><\/p>\n<p>&nbsp;<\/p>\n<p>&nbsp;<\/p>\n<h3><\/h3>\n<p>&nbsp;<\/p>\n<p>&nbsp;<\/p>\n<p>&nbsp;<\/p>\n<p>&nbsp;<\/p>\n<p>&nbsp;<\/p>\n<p>&nbsp;<\/p>\n<p>&nbsp;<\/p>\n<p>&nbsp;<\/p>\n","protected":false},"excerpt":{"rendered":"<p>Die Staatlichen Museen zu Berlin laden Kinder und Familien ein, mit einem neuen kostenfreien Angebot das Alte Museum auf der Museumsinsel Berlin gemeinsam zu erkunden: Ab sofort erhalten Kinder ab 6 Jahren und ihre erwachsenen Begleitungen das HERAKLES-Magazin an der Kasse des Alten Museums. HERAKLES f\u00fchrt in sieben Stationen durch die Ausstellungsr\u00e4ume der Antikensammlung. Das &hellip; <a href=\"http:\/\/kruesecke.de\/?page_id=605\" class=\"more-link\"><span class=\"screen-reader-text\">\u201eHerakles- Magazin f\u00fcr Kinder und Familien im Alten Museum, Staatliche Museen Berlin\u201c<\/span> weiterlesen<\/a><\/p>\n","protected":false},"author":1,"featured_media":0,"parent":0,"menu_order":0,"comment_status":"closed","ping_status":"closed","template":"","meta":{"ngg_post_thumbnail":0,"footnotes":""},"_links":{"self":[{"href":"http:\/\/kruesecke.de\/index.php?rest_route=\/wp\/v2\/pages\/605"}],"collection":[{"href":"http:\/\/kruesecke.de\/index.php?rest_route=\/wp\/v2\/pages"}],"about":[{"href":"http:\/\/kruesecke.de\/index.php?rest_route=\/wp\/v2\/types\/page"}],"author":[{"embeddable":true,"href":"http:\/\/kruesecke.de\/index.php?rest_route=\/wp\/v2\/users\/1"}],"replies":[{"embeddable":true,"href":"http:\/\/kruesecke.de\/index.php?rest_route=%2Fwp%2Fv2%2Fcomments&post=605"}],"version-history":[{"count":46,"href":"http:\/\/kruesecke.de\/index.php?rest_route=\/wp\/v2\/pages\/605\/revisions"}],"predecessor-version":[{"id":991,"href":"http:\/\/kruesecke.de\/index.php?rest_route=\/wp\/v2\/pages\/605\/revisions\/991"}],"wp:attachment":[{"href":"http:\/\/kruesecke.de\/index.php?rest_route=%2Fwp%2Fv2%2Fmedia&parent=605"}],"curies":[{"name":"wp","href":"https:\/\/api.w.org\/{rel}","templated":true}]}}